{"id":421,"date":"2022-10-06T12:52:15","date_gmt":"2022-10-06T18:52:15","guid":{"rendered":"https:\/\/sistemaenkel.com.mx\/blog\/?page_id=421"},"modified":"2022-12-12T16:51:30","modified_gmt":"2022-12-12T23:51:30","slug":"terminos-de-servicio","status":"publish","type":"page","link":"https:\/\/sistemaenkel.com.mx\/blog\/terminos-de-servicio\/","title":{"rendered":"T\u00e9rminos de Servicio"},"content":{"rendered":"<p align=\"justify\">Grupo Lifandi S.A. de C.V.\u00a0(\u201cSistema enkel\u201d) da a conocer y pone a su disposici\u00f3n los presentes t\u00e9rminos y condiciones (los \u201cT\u00e9rminos y Condiciones\u201d) los cuales tienen como fin, entre otros, regular el uso, navegaci\u00f3n, transferencia, intercambio, compra, venta y\/o manipulaci\u00f3n de la informaci\u00f3n, productos, documentaci\u00f3n, im\u00e1genes, consultas y\/o cualquier otra clase de contenido que se encuentre a disposici\u00f3n o se proporcione a los Usuarios (seg\u00fan dicho t\u00e9rmino se define m\u00e1s adelante) y clientes, a trav\u00e9s del sitio de internet\u00a0www.sistemaenkel.com\u00a0as\u00ed como todas y cada una de sus secciones (el \u201cSitio\u201d), y\/o a trav\u00e9s de consultas, publicaciones, asesor\u00edas, notificaciones y\/o avisos incluyendo aquellas que se realicen de forma personal, por correo postal, correo electr\u00f3nico, servicios y programas de mensajer\u00eda instant\u00e1nea, servicios de mensajer\u00eda postal y paqueter\u00eda especializada, fax y\/o v\u00eda telef\u00f3nica.<\/p>\n<h2 align=\"left\">Reconocimiento de contenido<\/h2>\n<p align=\"justify\">Usted, en su car\u00e1cter de usuario del Sitio y\/o cliente de Sistema enkel (el \u201cUsuario\u201d) al hacer uso, navegar, as\u00ed como compartir, obtener y\/o ingresar informaci\u00f3n y\/o documentaci\u00f3n del Sitio, acepta y declara conocer el contenido, objeto y alcance comercial y legal de los presentes T\u00e9rminos y Condiciones, y por lo tanto, se entender\u00e1 que est\u00e1 de acuerdo con los mismos, para todos los efectos a que haya lugar.<br \/>\nPor lo anterior, el Usuario se obliga y sujeta incondicionalmente a las disposiciones de los presentes T\u00e9rminos y Condiciones, as\u00ed como a cualesquier documentos, publicaciones o informaci\u00f3n que los complementen, adicionen o modifiquen, de conformidad con la legislaci\u00f3n y dem\u00e1s normatividad aplicable relacionada directa o indirectamente con los servicios que Legalario ofrece y aquellos que se presten actualmente o se hayan prestado con anterioridad, incluyendo la elaboraci\u00f3n, modificaci\u00f3n, revisi\u00f3n, venta, compra y descargas de documentos legales, as\u00ed como los servicios de consultor\u00eda y asesor\u00eda legal especializada, entre otros.<\/p>\n<p>El uso de los Servicios de Sistema enkel est\u00e1 sujeto a la aceptaci\u00f3n de estos T\u00e9rminos.\u00a0Para aceptar estos T\u00e9rminos por s\u00ed misma o en nombre de un Cliente y\/o Usuario, una persona debe tener la capacidad legal para hacerlo.\u00a0En el caso de un individuo, el individuo debe tener al menos 18 a\u00f1os de\u00a0edad o tener una autorizaci\u00f3n v\u00e1lida de su representante legal o custodio.\u00a0En el caso de una entidad legal, la entidad debe estar debidamente constituida y al d\u00eda.<br \/>\nPodemos rescindir o suspender el acceso a nuestro Servicio de inmediato si incumple los T\u00e9rminos.\u00a0Todas las disposiciones de los T\u00e9rminos que, por su naturaleza, deber\u00edan sobrevivir a la terminaci\u00f3n, seguir\u00e1n vigentes, incluidas, entre otras, las disposiciones de propiedad, los\u00a0reclamos de\u00a0garant\u00eda\u00a0, la indemnizaci\u00f3n y las limitaciones de responsabilidad.<\/p>\n<h5 align=\"left\">Los T\u00e9rminos se aceptan tan pronto como ocurra uno de los siguientes<\/h5>\n<p align=\"justify\">La persona ha recibido la confirmaci\u00f3n de la creaci\u00f3n de la Cuenta y las credenciales necesarias de Sistema enkel para iniciar sesi\u00f3n en su Cuenta;\u00a0o para aquellos Servicios de Sistema enkel y partes del Sitio web cuyo uso no depende de la creaci\u00f3n de una Cuenta, en el momento de obtener acceso a dichos servicios.<br \/>\nNo puede, sin el consentimiento previo por escrito de sistema enkel, acceder a los Servicios de Sistema enkel (i) para fines de producci\u00f3n, (ii) si es un competidor de Sistema enkel, (iii) para monitorear la disponibilidad, el rendimiento o la funcionalidad de los Servicios de Sistema enkel o (iv ) para\u00a0otros fines de evaluaci\u00f3n comparativa o competitiva.<br \/>\nUna vez aceptados, estos T\u00e9rminos permanecer\u00e1n vigentes hasta que se rescindan seg\u00fan lo dispuesto en este documento.<\/p>\n<h5 align=\"left\">Modificaciones a los T\u00e9rminos<\/h5>\n<p>Sistema enkel se reserva el derecho, a su sola discreci\u00f3n, de cambiar, modificar, agregar o eliminar partes de los T\u00e9rminos en cualquier momento mediante la publicaci\u00f3n de dichos cambios en la Plataforma o los Servicios de Sistema enkel.\u00a0Consulte estos T\u00e9rminos peri\u00f3dicamente para ver los cambios.<br \/>\nSu\u00a0uso continuado de los Servicios de Sistema enkel despu\u00e9s de que dichos cambios se hayan publicado seg\u00fan lo dispuesto anteriormente constituye su aceptaci\u00f3n vinculante de dichos cambios.\u00a0Dichos T\u00e9rminos modificados entrar\u00e1n en vigencia autom\u00e1ticamente al principio de (i) su uso continuo de los\u00a0Servicios de\u00a0Sistema enkel\u00a0, o (ii) 30 d\u00edas despu\u00e9s de la publicaci\u00f3n de dichos T\u00e9rminos modificados en la Plataforma o a trav\u00e9s de ella.\u00a0No obstante lo anterior, la resoluci\u00f3n de cualquier disputa que surja entre usted y Sistema enkel se regir\u00e1 por los T\u00e9rminos vigentes en el momento en que\u00a0surgi\u00f3\u00a0dicha disputa.<br \/>\nAl continuar accediendo o utilizando nuestro Servicio despu\u00e9s de cualquier cambio los Terminos, usted acepta estar sujeto a estos cambios.\u00a0Si no est\u00e1 de acuerdo con los nuevos t\u00e9rminos, deje de usar el Servicio.<\/p>\n<h5 align=\"left\">Devoluciones\u00a0y Cancelaciones<\/h5>\n<p align=\"justify\">Para seguridad de los Usuarios y\/o clientes, en cualquier momento podr\u00e1n cancelar las suscripciones que contraten y adquieran de Sistema enkel, a su entera discreci\u00f3n, sin responsabilidad alguna. Por lo que, el Usuario adem\u00e1s acepta y reconoce que el servicio que Sistema enkel proporcione a trav\u00e9s de nuestro sitio de internet, una vez contratada cualquiera de las membres\u00edas mensuales o anuales no tienen un plazo m\u00ednimo forzoso de pago, pudiendo el Usuario cancelarla en cualquier momento, no teniendo Sistema enkel la obligaci\u00f3n de hacer devoluci\u00f3n de cantidad alguna.<\/p>\n<p>Por otro lado, en caso de que los Usuarios y\/o clientes contraten asesor\u00edas o consultor\u00edas de parte de nuestros departamentos en una fecha y horario espec\u00edficos, podr\u00e1n modificar, reagendar, sustituir y\/o seleccionar una nueva fecha y horario para dicha asesor\u00eda o consulta, con por lo menos 4 (cuatro) horas h\u00e1biles de anticipaci\u00f3n, conforme a la disponibilidad de nuestros departamentos. Asimismo, los Usuarios y\/o clientes podr\u00e1n cancelar las consultas o asesor\u00edas que hayan contratado, con por lo menos 48 (cuarenta y ocho) horas de anticipaci\u00f3n, en cuyo caso, el Usuario y\/o cliente podr\u00e1n solicitar la devoluci\u00f3n de las cantidades en dinero que hayan pagado por dicha asesor\u00eda o consulta.<\/p>\n<p>El Usuario reconoce que los cargos autom\u00e1ticos que se realicen a la tarjeta o cuenta que haya domiciliado por virtud de la contrataci\u00f3n de una membres\u00eda, en cualquiera de sus planes o modalidades no ser\u00e1n objeto de devoluci\u00f3n por ninguna causa. Por otro lado, en cualquier momento el Usuario podr\u00e1 cancelar dichos cargos autom\u00e1ticos de manera directa los cuales dejar\u00e1n de aplicarse a partir del d\u00eda h\u00e1bil siguiente a dicha solicitud de cancelaci\u00f3n, por lo que Sistema enkel no queda obligado a devolver cantidad alguna a la fecha de cancelaci\u00f3n de la membres\u00eda adquirida. Por lo tanto, el Usuario y Sistema enkel aceptan y reconocen que Sistema enkel no podr\u00e1 cancelar ninguna membresia que el Usuario adquiera, quedando obligado el Usuario a pagar en tiempo la suscripci\u00f3n a la modalidad de la membres\u00eda adquirida.<\/p>\n<p>En relaci\u00f3n con lo anterior, en caso de que se hayan realizado cargos al Usuario y\/o cliente que excedan los montos que deb\u00eda pagar por cualquiera de los servicios o productos que reciba o adquiera de parte de Sistema enkel, este \u00faltimo a su entera responsabilidad, realizar\u00e1 todos los actos necesarios, a fin de que el Usuario y\/o cliente: (i) \u00fanicamente pague la cantidad a que se obliga por virtud del servicio o producto que corresponda, (ii) cuente con un cargo a su favor por la cantidad a que se obliga por virtud del servicio o producto que corresponda, y\/o (iii) reciba las cantidades en exceso que haya pagado por virtud del servicio o producto que corresponda.<\/p>\n<p>Por lo que, el Usuario al hacer uso de nuestros servicios y adquirir los documentos legales que genere a trav\u00e9s de nuestro sitio de internet, en el formato .pdf y\/o cualesquiera que nuestro sitio de internet de Sistema enkel proporcione, previo el pago realizado por el Usuario a Sistema enkel, ya sea, a trav\u00e9s de la contrataci\u00f3n de una membres\u00eda, en cualquiera de sus planes o modalidades. El Usuario acepta y reconoce que una vez realizado el pago en favor de Sistema enkel para la prestaci\u00f3n de los servicios de acuerdo con cualquiera de los planes o modalidades, Sistema enkel no estar\u00e1 obligado a devolver cantidad alguna como consecuencia del mal uso, del uso menor al tiempo que corresponda a la modalidad de la membres\u00eda adquirida, por error o por cualesquiera otra causa imputable al Usuario.<\/p>\n<h5 align=\"left\">Confidencialidad<\/h5>\n<p>La informaci\u00f3n y\/o documentaci\u00f3n que los Usuarios y\/o Clientes entreguen, comuniquen, almacenen y\/o de cualquier forma proporcionen a Sistema enkel ya sea a trav\u00e9s del Sitio o por cualquier otro medio de comunicaci\u00f3n, ser\u00e1 objeto de reserva. Sistema enkel se obliga a no usar o divulgar dicha informaci\u00f3n y tratarla como informaci\u00f3n de car\u00e1cter confidencial, salvo para los fines y usos que se establecen y detallan en el Aviso de Privacidad que Sistema enkel pone a disposici\u00f3n de los Usuarios y clientes en el Sitio.<\/p>\n<h5 align=\"left\">Conducta del usuario<\/h5>\n<p align=\"justify\">Al usar los Servicios, no deber\u00e1: (i) violar ninguna ley, regulaci\u00f3n o regla internacional, federal o estatal aplicable ni ning\u00fan requisito de intercambio de valores (colectivamente, &#8220;Leyes&#8221;), incluso mediante el uso de cualquier Informaci\u00f3n de una manera que viole los EE. UU.\u00a0.\u00a0Ley CAN-SPAM de 2003, ya que dicho estatuto puede ser modificado de vez en cuando;\u00a0(ii) Poner a nuestra disposici\u00f3n cualquier informaci\u00f3n que infrinja las Leyes, los c\u00f3digos o normas profesionales o industriales, las obligaciones contractuales o fiduciarias, las obligaciones de confidencialidad\u00a0o las pol\u00edticas del empleador u otros requisitos a los que est\u00e9 sujeto;\u00a0(iii) Transmitir cualquier informaci\u00f3n, datos, im\u00e1genes u otros materiales que sean ilegales, da\u00f1inos, amenazantes, acosadores, difamatorios, difamatorios, vulgares, obscenos u de otra manera\u00a0objetables o que puedan invadir el derecho de privacidad de otra persona o infringir cualquier derecho de propiedad intelectual, incluidas patentes, marcas comerciales, marcas de servicio, secretos comerciales, derechos de autor u otros derechos de propiedad de terceros;\u00a0(iv) Hacerse pasar por otra persona o entidad\u00a0o declarar falsamente o tergiversar su afiliaci\u00f3n con una persona o entidad;\u00a0(v) Violar o intentar violar la seguridad de cualquiera de los Servicios, incluyendo: iniciar sesi\u00f3n en un servidor o cuenta a la que no est\u00e1 autorizado para acceder;\u00a0intentar probar\u00a0, escanear, sondear o piratear la vulnerabilidad del Sitio o de cualquier red utilizada por el Sitio o violar la seguridad, el cifrado u otras medidas de autenticaci\u00f3n;\u00a0o intentar interferir con el Sitio sobrecargando, inundando, haciendo ping, bombardeando o cayendo\u00a0;\u00a0(vi) Ingenier\u00eda inversa, descompilar o desmontar cualquier parte de los Servicios;\u00a0o (vii) &#8220;Raspar&#8221; informaci\u00f3n de los Servicios, o usar o intentar usar cualquier motor, software, herramienta, agente u otro dispositivo o mecanismo (incluidos navegadores, ara\u00f1as, robots,\u00a0vatars o agentes inteligentes) para navegar o buscar parte del sitio, que no sea el motor de b\u00fasqueda y los agentes de b\u00fasqueda disponibles en el sitio y generalmente disponibles para navegadores web de terceros (por ejemplo, Mozilla Firefox, Google Chrome y Microsoft\u00a0Internet Explorer).\u00a0(b) Usted deber\u00e1: (i) proporcionar informaci\u00f3n verdadera, precisa, actual y completa sobre usted si se lo solicita el formulario de registro;\u00a0y (ii) mantener y actualizar esta informaci\u00f3n para que sea verdadera, precisa, actual y completa.<\/p>\n<h5 align=\"left\">Responsabilidad<\/h5>\n<p align=\"justify\">De conformidad con los presentes T\u00e9rminos y Condiciones Sistema enkel no asume ni asumir\u00e1 cualquier tipo de responsabilidad frente a cualquier persona, derivada o que pudiera derivarse de entre otros, lo siguiente: (i) la navegaci\u00f3n de los Usuario y\/o clientes en el Sitio, (ii) el uso de cualesquier documentos que se descarguen, compren, adquieran y\/o de cualquier otra forma se encuentren a disposici\u00f3n de los Usuarios y\/o Clientes en el Sitio, as\u00ed como de su manipulaci\u00f3n, uso, ejecuci\u00f3n, alteraci\u00f3n y\/o modificaci\u00f3n, (iii) las consultas, asesor\u00edas, recomendaciones, opiniones, advertencias, aclaraciones y\/o cualquier otra clase de respuesta que los Usuarios y\/o Clientes reciban por parte de Sistema enkel, por cualquier medio de comunicaci\u00f3n, incluyendo sin limitar, de forma personal, por correo postal, correo electr\u00f3nico, servicios y programas de mensajer\u00eda instant\u00e1nea, servicios de mensajer\u00eda postal y paqueter\u00eda especializada, fax y\/o v\u00eda telef\u00f3nica, y (iv) de cualquier informaci\u00f3n y\/o documentaci\u00f3n, incluyendo aquella de car\u00e1cter legal que los Usuarios y\/o Clientes proporcionen, comuniquen, entreguen y\/o pongan a disposici\u00f3n de Sistema enkel.<\/p>\n<p>En virtud de lo anterior, los Usuarios y\/o Clientes deber\u00e1n dejar en paz y a salvo a Sistema enkel, sus accionistas, afiliadas, subsidiarias, funcionarios, directores, gerentes, empleados, asesores, abogados, licenciados, apoderados, representantes y\/o cualquier otra persona relacionada con Sistema enkel, de cualquier responsabilidad que pudiera imput\u00e1rsele, por virtud y\/o con relaci\u00f3n al Sitio, as\u00ed como por los servicios que se presten y los documentos que se pongan a disposici\u00f3n de los Usuarios y\/o clientes.<br \/>\nEl usuario y\/o cliente reconoce y acepta que el uso del sitio web, nuestras extensiones de Chrome y el servicio es bajo su propio riesgo y bajo su responsabilidad.\u00a0Por lo tanto, no aceptamos ninguna responsabilidad por el mal uso o uso que infrinja estos T\u00e9rminos.\u00a0El\u00a0usuario y\/o cliente ser\u00e1 responsable de los da\u00f1os a Sistema enkel que resulten del uso del sitio web, las extensiones y el servicio por parte del usuario que infrinja los T\u00e9rminos.\u00a0No garantizamos la disponibilidad o continuidad del sitio web, las extensiones o el servicio, su\u00a0precisi\u00f3n, confiabilidad o integridad, o si son aptos para un prop\u00f3sito particular.<\/p>\n<h5 align=\"left\">Pagos de d\u00e9bito directo<\/h5>\n<p align=\"justify\">En algunos mercados, Sistema enkel puede, si el Cliente y\/o Usuario lo elige, solicitar que complete un mandato de d\u00e9bito directo para habilitar los pagos de d\u00e9bito directo.\u00a0En tales casos, Sistema enkel deber\u00e1 cumplir con todas las normas y reglamentaciones nacionales aplicables relacionadas con los pagos por domiciliaci\u00f3n bancaria.<\/p>\n<h5 align=\"left\">Factura electr\u00f3nica<\/h5>\n<p align=\"justify\">Si Sistema enkel no ha solicitado la autorizaci\u00f3n previa de su tarjeta de pago, antes del final de cada intervalo de pago, el Cliente y\/o Usuario recibir\u00e1 una factura electr\u00f3nica para el pago de la Tarifa del pr\u00f3ximo intervalo de pago.\u00a0El cliente debe pagar la factura antes de la fecha de vencimiento indicada en\u00a0la factura.<\/p>\n","protected":false},"excerpt":{"rendered":"<p>Grupo Lifandi S.A. de C.V.\u00a0(\u201cSistema enkel\u201d) da a conocer y pone a su disposici\u00f3n los presentes t\u00e9rminos y condiciones (los \u201cT\u00e9rminos y Condiciones\u201d) los cuales tienen como fin, entre otros, regular el uso, navegaci\u00f3n, transferencia, intercambio, compra, venta y\/o manipulaci\u00f3n de la informaci\u00f3n, productos, documentaci\u00f3n, im\u00e1genes, consultas y\/o cualquier otra clase de contenido que se [&hellip;]<\/p>\n","protected":false},"author":1,"featured_media":0,"parent":0,"menu_order":0,"comment_status":"closed","ping_status":"closed","template":"","meta":{"om_disable_all_campaigns":false,"rop_custom_images_group":[],"rop_custom_messages_group":[],"rop_publish_now":"initial","rop_publish_now_accounts":[],"rop_publish_now_history":[],"rop_publish_now_status":"pending","_monsterinsights_skip_tracking":false,"_monsterinsights_sitenote_active":false,"_monsterinsights_sitenote_note":"","_monsterinsights_sitenote_category":0,"_uf_show_specific_survey":0,"_uf_disable_surveys":false,"footnotes":""},"class_list":["post-421","page","type-page","status-publish"],"yoast_head":"<!-- This site is optimized with the Yoast SEO Premium plugin v23.0 (Yoast SEO v27.3) - https:\/\/yoast.com\/product\/yoast-seo-premium-wordpress\/ -->\n<title>T\u00e9rminos de Servicio - Sistema Enkel<\/title>\n<meta name=\"description\" content=\"Conoce nuestros t\u00e9rminos de servicio.\" \/>\n<meta name=\"robots\" content=\"index, follow, max-snippet:-1, max-image-preview:large, max-video-preview:-1\" \/>\n<link rel=\"canonical\" href=\"https:\/\/sistemaenkel.com.mx\/blog\/terminos-de-servicio\/\" \/>\n<meta property=\"og:locale\" content=\"es_MX\" \/>\n<meta property=\"og:type\" content=\"article\" \/>\n<meta property=\"og:title\" content=\"T\u00e9rminos de Servicio\" \/>\n<meta property=\"og:description\" content=\"Conoce nuestros t\u00e9rminos de servicio.\" \/>\n<meta property=\"og:url\" content=\"https:\/\/sistemaenkel.com.mx\/blog\/terminos-de-servicio\/\" \/>\n<meta property=\"og:site_name\" content=\"Sistema Enkel\" \/>\n<meta property=\"article:modified_time\" content=\"2022-12-12T23:51:30+00:00\" \/>\n<meta name=\"twitter:card\" content=\"summary_large_image\" \/>\n<meta name=\"twitter:label1\" content=\"Tiempo de lectura\" \/>\n\t<meta name=\"twitter:data1\" content=\"11 minutos\" \/>\n<script type=\"application\/ld+json\" class=\"yoast-schema-graph\">{\"@context\":\"https:\\\/\\\/schema.org\",\"@graph\":[{\"@type\":\"WebPage\",\"@id\":\"https:\\\/\\\/sistemaenkel.com.mx\\\/blog\\\/terminos-de-servicio\\\/\",\"url\":\"https:\\\/\\\/sistemaenkel.com.mx\\\/blog\\\/terminos-de-servicio\\\/\",\"name\":\"T\u00e9rminos de Servicio - Sistema Enkel\",\"isPartOf\":{\"@id\":\"https:\\\/\\\/sistemaenkel.com.mx\\\/blog\\\/#website\"},\"datePublished\":\"2022-10-06T18:52:15+00:00\",\"dateModified\":\"2022-12-12T23:51:30+00:00\",\"description\":\"Conoce nuestros t\u00e9rminos de servicio.\",\"breadcrumb\":{\"@id\":\"https:\\\/\\\/sistemaenkel.com.mx\\\/blog\\\/terminos-de-servicio\\\/#breadcrumb\"},\"inLanguage\":\"es\",\"potentialAction\":[{\"@type\":\"ReadAction\",\"target\":[\"https:\\\/\\\/sistemaenkel.com.mx\\\/blog\\\/terminos-de-servicio\\\/\"]}]},{\"@type\":\"BreadcrumbList\",\"@id\":\"https:\\\/\\\/sistemaenkel.com.mx\\\/blog\\\/terminos-de-servicio\\\/#breadcrumb\",\"itemListElement\":[{\"@type\":\"ListItem\",\"position\":1,\"name\":\"Inicio\",\"item\":\"https:\\\/\\\/sistemaenkel.com.mx\\\/blog\\\/\"},{\"@type\":\"ListItem\",\"position\":2,\"name\":\"T\u00e9rminos de Servicio\"}]},{\"@type\":\"WebSite\",\"@id\":\"https:\\\/\\\/sistemaenkel.com.mx\\\/blog\\\/#website\",\"url\":\"https:\\\/\\\/sistemaenkel.com.mx\\\/blog\\\/\",\"name\":\"Sistema Enkel\",\"description\":\"Blog de Sistema Enkel sobre ERP, facturaci\u00f3n 4.0, inventarios, compras, recursos humanos, CRM, procesos, finanzas y cumplimiento STPS en M\u00e9xico.\",\"publisher\":{\"@id\":\"https:\\\/\\\/sistemaenkel.com.mx\\\/blog\\\/#organization\"},\"potentialAction\":[{\"@type\":\"SearchAction\",\"target\":{\"@type\":\"EntryPoint\",\"urlTemplate\":\"https:\\\/\\\/sistemaenkel.com.mx\\\/blog\\\/?s={search_term_string}\"},\"query-input\":{\"@type\":\"PropertyValueSpecification\",\"valueRequired\":true,\"valueName\":\"search_term_string\"}}],\"inLanguage\":\"es\"},{\"@type\":\"Organization\",\"@id\":\"https:\\\/\\\/sistemaenkel.com.mx\\\/blog\\\/#organization\",\"name\":\"Sistema Enkel\",\"url\":\"https:\\\/\\\/sistemaenkel.com.mx\\\/blog\\\/\",\"logo\":{\"@type\":\"ImageObject\",\"inLanguage\":\"es\",\"@id\":\"https:\\\/\\\/sistemaenkel.com.mx\\\/blog\\\/#\\\/schema\\\/logo\\\/image\\\/\",\"url\":\"https:\\\/\\\/sistemaenkel.com.mx\\\/blog\\\/wp-content\\\/uploads\\\/2022\\\/10\\\/Sistema_enkel_512x512.png\",\"contentUrl\":\"https:\\\/\\\/sistemaenkel.com.mx\\\/blog\\\/wp-content\\\/uploads\\\/2022\\\/10\\\/Sistema_enkel_512x512.png\",\"width\":512,\"height\":512,\"caption\":\"Sistema Enkel\"},\"image\":{\"@id\":\"https:\\\/\\\/sistemaenkel.com.mx\\\/blog\\\/#\\\/schema\\\/logo\\\/image\\\/\"}}]}<\/script>\n<!-- \/ Yoast SEO Premium plugin. -->","yoast_head_json":{"title":"T\u00e9rminos de Servicio - Sistema Enkel","description":"Conoce nuestros t\u00e9rminos de servicio.","robots":{"index":"index","follow":"follow","max-snippet":"max-snippet:-1","max-image-preview":"max-image-preview:large","max-video-preview":"max-video-preview:-1"},"canonical":"https:\/\/sistemaenkel.com.mx\/blog\/terminos-de-servicio\/","og_locale":"es_MX","og_type":"article","og_title":"T\u00e9rminos de Servicio","og_description":"Conoce nuestros t\u00e9rminos de servicio.","og_url":"https:\/\/sistemaenkel.com.mx\/blog\/terminos-de-servicio\/","og_site_name":"Sistema Enkel","article_modified_time":"2022-12-12T23:51:30+00:00","twitter_card":"summary_large_image","twitter_misc":{"Tiempo de lectura":"11 minutos"},"schema":{"@context":"https:\/\/schema.org","@graph":[{"@type":"WebPage","@id":"https:\/\/sistemaenkel.com.mx\/blog\/terminos-de-servicio\/","url":"https:\/\/sistemaenkel.com.mx\/blog\/terminos-de-servicio\/","name":"T\u00e9rminos de Servicio - Sistema Enkel","isPartOf":{"@id":"https:\/\/sistemaenkel.com.mx\/blog\/#website"},"datePublished":"2022-10-06T18:52:15+00:00","dateModified":"2022-12-12T23:51:30+00:00","description":"Conoce nuestros t\u00e9rminos de servicio.","breadcrumb":{"@id":"https:\/\/sistemaenkel.com.mx\/blog\/terminos-de-servicio\/#breadcrumb"},"inLanguage":"es","potentialAction":[{"@type":"ReadAction","target":["https:\/\/sistemaenkel.com.mx\/blog\/terminos-de-servicio\/"]}]},{"@type":"BreadcrumbList","@id":"https:\/\/sistemaenkel.com.mx\/blog\/terminos-de-servicio\/#breadcrumb","itemListElement":[{"@type":"ListItem","position":1,"name":"Inicio","item":"https:\/\/sistemaenkel.com.mx\/blog\/"},{"@type":"ListItem","position":2,"name":"T\u00e9rminos de Servicio"}]},{"@type":"WebSite","@id":"https:\/\/sistemaenkel.com.mx\/blog\/#website","url":"https:\/\/sistemaenkel.com.mx\/blog\/","name":"Sistema Enkel","description":"Blog de Sistema Enkel sobre ERP, facturaci\u00f3n 4.0, inventarios, compras, recursos humanos, CRM, procesos, finanzas y cumplimiento STPS en M\u00e9xico.","publisher":{"@id":"https:\/\/sistemaenkel.com.mx\/blog\/#organization"},"potentialAction":[{"@type":"SearchAction","target":{"@type":"EntryPoint","urlTemplate":"https:\/\/sistemaenkel.com.mx\/blog\/?s={search_term_string}"},"query-input":{"@type":"PropertyValueSpecification","valueRequired":true,"valueName":"search_term_string"}}],"inLanguage":"es"},{"@type":"Organization","@id":"https:\/\/sistemaenkel.com.mx\/blog\/#organization","name":"Sistema Enkel","url":"https:\/\/sistemaenkel.com.mx\/blog\/","logo":{"@type":"ImageObject","inLanguage":"es","@id":"https:\/\/sistemaenkel.com.mx\/blog\/#\/schema\/logo\/image\/","url":"https:\/\/sistemaenkel.com.mx\/blog\/wp-content\/uploads\/2022\/10\/Sistema_enkel_512x512.png","contentUrl":"https:\/\/sistemaenkel.com.mx\/blog\/wp-content\/uploads\/2022\/10\/Sistema_enkel_512x512.png","width":512,"height":512,"caption":"Sistema Enkel"},"image":{"@id":"https:\/\/sistemaenkel.com.mx\/blog\/#\/schema\/logo\/image\/"}}]}},"_links":{"self":[{"href":"https:\/\/sistemaenkel.com.mx\/blog\/wp-json\/wp\/v2\/pages\/421","targetHints":{"allow":["GET"]}}],"collection":[{"href":"https:\/\/sistemaenkel.com.mx\/blog\/wp-json\/wp\/v2\/pages"}],"about":[{"href":"https:\/\/sistemaenkel.com.mx\/blog\/wp-json\/wp\/v2\/types\/page"}],"author":[{"embeddable":true,"href":"https:\/\/sistemaenkel.com.mx\/blog\/wp-json\/wp\/v2\/users\/1"}],"replies":[{"embeddable":true,"href":"https:\/\/sistemaenkel.com.mx\/blog\/wp-json\/wp\/v2\/comments?post=421"}],"version-history":[{"count":0,"href":"https:\/\/sistemaenkel.com.mx\/blog\/wp-json\/wp\/v2\/pages\/421\/revisions"}],"wp:attachment":[{"href":"https:\/\/sistemaenkel.com.mx\/blog\/wp-json\/wp\/v2\/media?parent=421"}],"curies":[{"name":"wp","href":"https:\/\/api.w.org\/{rel}","templated":true}]}}