{"id":3862,"date":"2023-08-11T10:20:37","date_gmt":"2023-08-11T16:20:37","guid":{"rendered":"https:\/\/sistemaenkel.com.mx\/blog\/?page_id=3862"},"modified":"2023-08-11T10:20:38","modified_gmt":"2023-08-11T16:20:38","slug":"descarga-la-guia-erp-que-es-y-para-que-sirve","status":"publish","type":"page","link":"https:\/\/sistemaenkel.com.mx\/blog\/descarga-la-guia-erp-que-es-y-para-que-sirve\/","title":{"rendered":"Descarga la gu\u00eda ERP que es y para qu\u00e9 sirve"},"content":{"rendered":"\n<figure class=\"wp-block-image size-large\"><img decoding=\"async\" width=\"1024\" height=\"512\" data-src=\"https:\/\/sistemaenkel.com.mx\/blog\/wp-content\/uploads\/2023\/04\/erp_landing-1024x512.jpeg\" alt=\"\" class=\"wp-image-2585 lazyload\" data-srcset=\"https:\/\/sistemaenkel.com.mx\/blog\/wp-content\/uploads\/2023\/04\/erp_landing-1024x512.jpeg 1024w, https:\/\/sistemaenkel.com.mx\/blog\/wp-content\/uploads\/2023\/04\/erp_landing-300x150.jpeg 300w, https:\/\/sistemaenkel.com.mx\/blog\/wp-content\/uploads\/2023\/04\/erp_landing-768x384.jpeg 768w, https:\/\/sistemaenkel.com.mx\/blog\/wp-content\/uploads\/2023\/04\/erp_landing-1536x768.jpeg 1536w, https:\/\/sistemaenkel.com.mx\/blog\/wp-content\/uploads\/2023\/04\/erp_landing-150x75.jpeg 150w, https:\/\/sistemaenkel.com.mx\/blog\/wp-content\/uploads\/2023\/04\/erp_landing-696x348.jpeg 696w, https:\/\/sistemaenkel.com.mx\/blog\/wp-content\/uploads\/2023\/04\/erp_landing-1068x534.jpeg 1068w, https:\/\/sistemaenkel.com.mx\/blog\/wp-content\/uploads\/2023\/04\/erp_landing.jpeg 1600w\" data-sizes=\"(max-width: 1024px) 100vw, 1024px\" src=\"data:image\/svg+xml;base64,PHN2ZyB3aWR0aD0iMSIgaGVpZ2h0PSIxIiB4bWxucz0iaHR0cDovL3d3dy53My5vcmcvMjAwMC9zdmciPjwvc3ZnPg==\" style=\"--smush-placeholder-width: 1024px; --smush-placeholder-aspect-ratio: 1024\/512;\" \/><\/figure>\n\n\n<style id=\"wpforms-css-vars-2580-block-fa8cec0e-8540-40ef-843c-d189bf9fc3ec\">\n\t\t\t\t#wpforms-2580.wpforms-block-fa8cec0e-8540-40ef-843c-d189bf9fc3ec {\n\t\t\t\t--wpforms-field-border-color: #000000;\n--wpforms-field-border-color-spare: #000000;\n--wpforms-field-text-color: #000000;\n\t\t\t}\n\t\t\t<\/style><div class=\"wpforms-container wpforms-container-full wpforms-block wpforms-block-fa8cec0e-8540-40ef-843c-d189bf9fc3ec wpforms-render-modern\" id=\"wpforms-2580\"><form id=\"wpforms-form-2580\" class=\"wpforms-validate wpforms-form wpforms-ajax-form\" data-formid=\"2580\" method=\"post\" enctype=\"multipart\/form-data\" action=\"\/blog\/wp-json\/wp\/v2\/pages\/3862\" data-token=\"953dd177dbdfa29da1563ea66367ae5d\" data-token-time=\"1778984376\"><div class=\"wpforms-head-container\"><div class=\"wpforms-description\">Ingresa tus datos y en breve estar\u00e1 lista la descarga de tu archivo <\/div><\/div><noscript class=\"wpforms-error-noscript\">Por favor, activa JavaScript en tu navegador para completar este formulario.<\/noscript><div id=\"wpforms-error-noscript\" style=\"display: none;\">Por favor, activa JavaScript en tu navegador para completar este formulario.<\/div><div class=\"wpforms-field-container\"><div id=\"wpforms-2580-field_1-container\" class=\"wpforms-field wpforms-field-name\" data-field-id=\"1\"><label class=\"wpforms-field-label\" for=\"wpforms-2580-field_1\">Nombre: <span class=\"wpforms-required-label\" aria-hidden=\"true\">*<\/span><\/label><input type=\"text\" id=\"wpforms-2580-field_1\" class=\"wpforms-field-medium wpforms-field-required\" name=\"wpforms[fields][1]\" aria-errormessage=\"wpforms-2580-field_1-error\" required><\/div><div id=\"wpforms-2580-field_3-container\" class=\"wpforms-field wpforms-field-text\" data-field-id=\"3\"><label class=\"wpforms-field-label\" for=\"wpforms-2580-field_3\">N\u00famero Telef\u00f3nico: <span class=\"wpforms-required-label\" aria-hidden=\"true\">*<\/span><\/label><input type=\"text\" id=\"wpforms-2580-field_3\" class=\"wpforms-field-medium wpforms-field-required\" name=\"wpforms[fields][3]\" aria-errormessage=\"wpforms-2580-field_3-error\" required><\/div><div id=\"wpforms-2580-field_5-container\" class=\"wpforms-field wpforms-field-text\" data-field-id=\"5\"><label class=\"wpforms-field-label\" for=\"wpforms-2580-field_5\">Empresa <span class=\"wpforms-required-label\" aria-hidden=\"true\">*<\/span><\/label><input type=\"text\" id=\"wpforms-2580-field_5\" class=\"wpforms-field-medium wpforms-field-required\" name=\"wpforms[fields][5]\" aria-errormessage=\"wpforms-2580-field_5-error\" required><\/div><div id=\"wpforms-2580-field_6-container\" class=\"wpforms-field wpforms-field-text\" data-field-id=\"6\"><label class=\"wpforms-field-label\" for=\"wpforms-2580-field_6\">Estado <span class=\"wpforms-required-label\" aria-hidden=\"true\">*<\/span><\/label><input type=\"text\" id=\"wpforms-2580-field_6\" class=\"wpforms-field-medium wpforms-field-required\" name=\"wpforms[fields][6]\" aria-errormessage=\"wpforms-2580-field_6-error\" required><\/div><div id=\"wpforms-2580-field_7-container\" class=\"wpforms-field wpforms-field-text\" data-field-id=\"7\"><label class=\"wpforms-field-label\" for=\"wpforms-2580-field_7\">Ciudad <span class=\"wpforms-required-label\" aria-hidden=\"true\">*<\/span><\/label><input type=\"text\" id=\"wpforms-2580-field_7\" class=\"wpforms-field-medium wpforms-field-required\" name=\"wpforms[fields][7]\" aria-errormessage=\"wpforms-2580-field_7-error\" required><\/div><div id=\"wpforms-2580-field_2-container\" class=\"wpforms-field wpforms-field-email\" data-field-id=\"2\"><label class=\"wpforms-field-label\" for=\"wpforms-2580-field_2\">Correo Electr\u00f3nico: <span class=\"wpforms-required-label\" aria-hidden=\"true\">*<\/span><\/label><input type=\"email\" id=\"wpforms-2580-field_2\" class=\"wpforms-field-medium wpforms-field-required\" name=\"wpforms[fields][2]\" spellcheck=\"false\" aria-errormessage=\"wpforms-2580-field_2-error\" required><\/div><div id=\"wpforms-2580-field_4-container\" class=\"wpforms-field wpforms-field-gdpr-checkbox\" data-field-id=\"4\"><label class=\"wpforms-field-label wpforms-label-hide\" aria-hidden=\"false\">Acuerdo RGPD  <span class=\"wpforms-required-label\" aria-hidden=\"true\">*<\/span><\/label><ul id=\"wpforms-2580-field_4\" class=\"wpforms-field-required\"><li class=\"choice-1\"><input type=\"checkbox\" id=\"wpforms-2580-field_4_1\" name=\"wpforms[fields][4][]\" value=\"Doy mi consentimiento para que esta web almacene la informaci\u00f3n que env\u00edo para que puedan responder a mi petici\u00f3n. \" aria-errormessage=\"wpforms-2580-field_4_1-error\" required ><label class=\"wpforms-field-label-inline\" for=\"wpforms-2580-field_4_1\">Doy mi consentimiento para que esta web almacene la informaci\u00f3n que env\u00edo para que puedan responder a mi petici\u00f3n.  <span class=\"wpforms-required-label\" aria-hidden=\"true\">*<\/span><\/label><\/li><\/ul><\/div><\/div><!-- .wpforms-field-container --><div class=\"wpforms-submit-container\" ><input type=\"hidden\" name=\"wpforms[id]\" value=\"2580\"><input type=\"hidden\" name=\"page_title\" value=\"\"><input type=\"hidden\" name=\"page_url\" value=\"https:\/\/sistemaenkel.com.mx\/blog\/wp-json\/wp\/v2\/pages\/3862\"><input type=\"hidden\" name=\"url_referer\" value=\"\"><button type=\"submit\" name=\"wpforms[submit]\" id=\"wpforms-submit-2580\" class=\"wpforms-submit\" data-alt-text=\"Enviando...\" data-submit-text=\"Descargar Archivo\" aria-live=\"assertive\" value=\"wpforms-submit\">Descargar Archivo<\/button><img decoding=\"async\" data-src=\"https:\/\/sistemaenkel.com.mx\/blog\/wp-content\/plugins\/wpforms-lite\/assets\/images\/submit-spin.svg\" class=\"wpforms-submit-spinner lazyload\" style=\"--smush-placeholder-width: 26px; --smush-placeholder-aspect-ratio: 26\/26;display: none;\" width=\"26\" height=\"26\" alt=\"Cargando\" src=\"data:image\/svg+xml;base64,PHN2ZyB3aWR0aD0iMSIgaGVpZ2h0PSIxIiB4bWxucz0iaHR0cDovL3d3dy53My5vcmcvMjAwMC9zdmciPjwvc3ZnPg==\"><\/div><\/form><\/div>  <!-- .wpforms-container -->","protected":false},"excerpt":{"rendered":"","protected":false},"author":1,"featured_media":0,"parent":0,"menu_order":0,"comment_status":"closed","ping_status":"closed","template":"","meta":{"om_disable_all_campaigns":false,"rop_custom_images_group":[],"rop_custom_messages_group":[],"rop_publish_now":"initial","rop_publish_now_accounts":[],"rop_publish_now_history":[],"rop_publish_now_status":"pending","_monsterinsights_skip_tracking":false,"_monsterinsights_sitenote_active":false,"_monsterinsights_sitenote_note":"","_monsterinsights_sitenote_category":0,"_uf_show_specific_survey":0,"_uf_disable_surveys":false,"footnotes":""},"class_list":["post-3862","page","type-page","status-publish"],"yoast_head":"<!-- This site is optimized with the Yoast SEO Premium plugin v23.0 (Yoast SEO v27.3) - https:\/\/yoast.com\/product\/yoast-seo-premium-wordpress\/ -->\n<title>Descarga la gu\u00eda ERP que es y para qu\u00e9 sirve - Sistema Enkel<\/title>\n<meta name=\"description\" content=\"Descarga la gu\u00eda ERP, qu\u00e9 es y para qu\u00e9 sirve. Aprende como implementar un ERP desde cero.\" \/>\n<meta name=\"robots\" content=\"index, follow, max-snippet:-1, max-image-preview:large, max-video-preview:-1\" \/>\n<link rel=\"canonical\" href=\"https:\/\/sistemaenkel.com.mx\/blog\/descarga-la-guia-erp-que-es-y-para-que-sirve\/\" \/>\n<meta property=\"og:locale\" content=\"es_MX\" \/>\n<meta property=\"og:type\" content=\"article\" \/>\n<meta property=\"og:title\" content=\"Descarga la gu\u00eda ERP que es y para qu\u00e9 sirve\" \/>\n<meta property=\"og:description\" content=\"Descarga la gu\u00eda ERP, qu\u00e9 es y para qu\u00e9 sirve. Aprende como implementar un ERP desde cero.\" \/>\n<meta property=\"og:url\" content=\"https:\/\/sistemaenkel.com.mx\/blog\/descarga-la-guia-erp-que-es-y-para-que-sirve\/\" \/>\n<meta property=\"og:site_name\" content=\"Sistema Enkel\" \/>\n<meta property=\"article:modified_time\" content=\"2023-08-11T16:20:38+00:00\" \/>\n<meta property=\"og:image\" content=\"https:\/\/sistemaenkel.com.mx\/blog\/wp-content\/uploads\/2023\/04\/erp_landing-1024x512.jpeg\" \/>\n<meta name=\"twitter:card\" content=\"summary_large_image\" \/>\n<meta name=\"twitter:label1\" content=\"Tiempo de lectura\" \/>\n\t<meta name=\"twitter:data1\" content=\"1 minuto\" \/>\n<script type=\"application\/ld+json\" class=\"yoast-schema-graph\">{\"@context\":\"https:\\\/\\\/schema.org\",\"@graph\":[{\"@type\":\"WebPage\",\"@id\":\"https:\\\/\\\/sistemaenkel.com.mx\\\/blog\\\/descarga-la-guia-erp-que-es-y-para-que-sirve\\\/\",\"url\":\"https:\\\/\\\/sistemaenkel.com.mx\\\/blog\\\/descarga-la-guia-erp-que-es-y-para-que-sirve\\\/\",\"name\":\"Descarga la gu\u00eda ERP que es y para qu\u00e9 sirve - Sistema Enkel\",\"isPartOf\":{\"@id\":\"https:\\\/\\\/sistemaenkel.com.mx\\\/blog\\\/#website\"},\"primaryImageOfPage\":{\"@id\":\"https:\\\/\\\/sistemaenkel.com.mx\\\/blog\\\/descarga-la-guia-erp-que-es-y-para-que-sirve\\\/#primaryimage\"},\"image\":{\"@id\":\"https:\\\/\\\/sistemaenkel.com.mx\\\/blog\\\/descarga-la-guia-erp-que-es-y-para-que-sirve\\\/#primaryimage\"},\"thumbnailUrl\":\"https:\\\/\\\/sistemaenkel.com.mx\\\/blog\\\/wp-content\\\/uploads\\\/2023\\\/04\\\/erp_landing-1024x512.jpeg\",\"datePublished\":\"2023-08-11T16:20:37+00:00\",\"dateModified\":\"2023-08-11T16:20:38+00:00\",\"description\":\"Descarga la gu\u00eda ERP, qu\u00e9 es y para qu\u00e9 sirve. Aprende como implementar un ERP desde cero.\",\"breadcrumb\":{\"@id\":\"https:\\\/\\\/sistemaenkel.com.mx\\\/blog\\\/descarga-la-guia-erp-que-es-y-para-que-sirve\\\/#breadcrumb\"},\"inLanguage\":\"es\",\"potentialAction\":[{\"@type\":\"ReadAction\",\"target\":[\"https:\\\/\\\/sistemaenkel.com.mx\\\/blog\\\/descarga-la-guia-erp-que-es-y-para-que-sirve\\\/\"]}]},{\"@type\":\"ImageObject\",\"inLanguage\":\"es\",\"@id\":\"https:\\\/\\\/sistemaenkel.com.mx\\\/blog\\\/descarga-la-guia-erp-que-es-y-para-que-sirve\\\/#primaryimage\",\"url\":\"https:\\\/\\\/sistemaenkel.com.mx\\\/blog\\\/wp-content\\\/uploads\\\/2023\\\/04\\\/erp_landing-1024x512.jpeg\",\"contentUrl\":\"https:\\\/\\\/sistemaenkel.com.mx\\\/blog\\\/wp-content\\\/uploads\\\/2023\\\/04\\\/erp_landing-1024x512.jpeg\"},{\"@type\":\"BreadcrumbList\",\"@id\":\"https:\\\/\\\/sistemaenkel.com.mx\\\/blog\\\/descarga-la-guia-erp-que-es-y-para-que-sirve\\\/#breadcrumb\",\"itemListElement\":[{\"@type\":\"ListItem\",\"position\":1,\"name\":\"Inicio\",\"item\":\"https:\\\/\\\/sistemaenkel.com.mx\\\/blog\\\/\"},{\"@type\":\"ListItem\",\"position\":2,\"name\":\"Descarga la gu\u00eda ERP que es y para qu\u00e9 sirve\"}]},{\"@type\":\"WebSite\",\"@id\":\"https:\\\/\\\/sistemaenkel.com.mx\\\/blog\\\/#website\",\"url\":\"https:\\\/\\\/sistemaenkel.com.mx\\\/blog\\\/\",\"name\":\"Sistema Enkel\",\"description\":\"Blog de Sistema Enkel sobre ERP, facturaci\u00f3n 4.0, inventarios, compras, recursos humanos, CRM, procesos, finanzas y cumplimiento STPS en M\u00e9xico.\",\"publisher\":{\"@id\":\"https:\\\/\\\/sistemaenkel.com.mx\\\/blog\\\/#organization\"},\"potentialAction\":[{\"@type\":\"SearchAction\",\"target\":{\"@type\":\"EntryPoint\",\"urlTemplate\":\"https:\\\/\\\/sistemaenkel.com.mx\\\/blog\\\/?s={search_term_string}\"},\"query-input\":{\"@type\":\"PropertyValueSpecification\",\"valueRequired\":true,\"valueName\":\"search_term_string\"}}],\"inLanguage\":\"es\"},{\"@type\":\"Organization\",\"@id\":\"https:\\\/\\\/sistemaenkel.com.mx\\\/blog\\\/#organization\",\"name\":\"Sistema Enkel\",\"url\":\"https:\\\/\\\/sistemaenkel.com.mx\\\/blog\\\/\",\"logo\":{\"@type\":\"ImageObject\",\"inLanguage\":\"es\",\"@id\":\"https:\\\/\\\/sistemaenkel.com.mx\\\/blog\\\/#\\\/schema\\\/logo\\\/image\\\/\",\"url\":\"https:\\\/\\\/sistemaenkel.com.mx\\\/blog\\\/wp-content\\\/uploads\\\/2022\\\/10\\\/Sistema_enkel_512x512.png\",\"contentUrl\":\"https:\\\/\\\/sistemaenkel.com.mx\\\/blog\\\/wp-content\\\/uploads\\\/2022\\\/10\\\/Sistema_enkel_512x512.png\",\"width\":512,\"height\":512,\"caption\":\"Sistema Enkel\"},\"image\":{\"@id\":\"https:\\\/\\\/sistemaenkel.com.mx\\\/blog\\\/#\\\/schema\\\/logo\\\/image\\\/\"}}]}<\/script>\n<!-- \/ Yoast SEO Premium plugin. -->","yoast_head_json":{"title":"Descarga la gu\u00eda ERP que es y para qu\u00e9 sirve - Sistema Enkel","description":"Descarga la gu\u00eda ERP, qu\u00e9 es y para qu\u00e9 sirve. Aprende como implementar un ERP desde cero.","robots":{"index":"index","follow":"follow","max-snippet":"max-snippet:-1","max-image-preview":"max-image-preview:large","max-video-preview":"max-video-preview:-1"},"canonical":"https:\/\/sistemaenkel.com.mx\/blog\/descarga-la-guia-erp-que-es-y-para-que-sirve\/","og_locale":"es_MX","og_type":"article","og_title":"Descarga la gu\u00eda ERP que es y para qu\u00e9 sirve","og_description":"Descarga la gu\u00eda ERP, qu\u00e9 es y para qu\u00e9 sirve. Aprende como implementar un ERP desde cero.","og_url":"https:\/\/sistemaenkel.com.mx\/blog\/descarga-la-guia-erp-que-es-y-para-que-sirve\/","og_site_name":"Sistema Enkel","article_modified_time":"2023-08-11T16:20:38+00:00","og_image":[{"url":"https:\/\/sistemaenkel.com.mx\/blog\/wp-content\/uploads\/2023\/04\/erp_landing-1024x512.jpeg","type":"","width":"","height":""}],"twitter_card":"summary_large_image","twitter_misc":{"Tiempo de lectura":"1 minuto"},"schema":{"@context":"https:\/\/schema.org","@graph":[{"@type":"WebPage","@id":"https:\/\/sistemaenkel.com.mx\/blog\/descarga-la-guia-erp-que-es-y-para-que-sirve\/","url":"https:\/\/sistemaenkel.com.mx\/blog\/descarga-la-guia-erp-que-es-y-para-que-sirve\/","name":"Descarga la gu\u00eda ERP que es y para qu\u00e9 sirve - Sistema Enkel","isPartOf":{"@id":"https:\/\/sistemaenkel.com.mx\/blog\/#website"},"primaryImageOfPage":{"@id":"https:\/\/sistemaenkel.com.mx\/blog\/descarga-la-guia-erp-que-es-y-para-que-sirve\/#primaryimage"},"image":{"@id":"https:\/\/sistemaenkel.com.mx\/blog\/descarga-la-guia-erp-que-es-y-para-que-sirve\/#primaryimage"},"thumbnailUrl":"https:\/\/sistemaenkel.com.mx\/blog\/wp-content\/uploads\/2023\/04\/erp_landing-1024x512.jpeg","datePublished":"2023-08-11T16:20:37+00:00","dateModified":"2023-08-11T16:20:38+00:00","description":"Descarga la gu\u00eda ERP, qu\u00e9 es y para qu\u00e9 sirve. Aprende como implementar un ERP desde cero.","breadcrumb":{"@id":"https:\/\/sistemaenkel.com.mx\/blog\/descarga-la-guia-erp-que-es-y-para-que-sirve\/#breadcrumb"},"inLanguage":"es","potentialAction":[{"@type":"ReadAction","target":["https:\/\/sistemaenkel.com.mx\/blog\/descarga-la-guia-erp-que-es-y-para-que-sirve\/"]}]},{"@type":"ImageObject","inLanguage":"es","@id":"https:\/\/sistemaenkel.com.mx\/blog\/descarga-la-guia-erp-que-es-y-para-que-sirve\/#primaryimage","url":"https:\/\/sistemaenkel.com.mx\/blog\/wp-content\/uploads\/2023\/04\/erp_landing-1024x512.jpeg","contentUrl":"https:\/\/sistemaenkel.com.mx\/blog\/wp-content\/uploads\/2023\/04\/erp_landing-1024x512.jpeg"},{"@type":"BreadcrumbList","@id":"https:\/\/sistemaenkel.com.mx\/blog\/descarga-la-guia-erp-que-es-y-para-que-sirve\/#breadcrumb","itemListElement":[{"@type":"ListItem","position":1,"name":"Inicio","item":"https:\/\/sistemaenkel.com.mx\/blog\/"},{"@type":"ListItem","position":2,"name":"Descarga la gu\u00eda ERP que es y para qu\u00e9 sirve"}]},{"@type":"WebSite","@id":"https:\/\/sistemaenkel.com.mx\/blog\/#website","url":"https:\/\/sistemaenkel.com.mx\/blog\/","name":"Sistema Enkel","description":"Blog de Sistema Enkel sobre ERP, facturaci\u00f3n 4.0, inventarios, compras, recursos humanos, CRM, procesos, finanzas y cumplimiento STPS en M\u00e9xico.","publisher":{"@id":"https:\/\/sistemaenkel.com.mx\/blog\/#organization"},"potentialAction":[{"@type":"SearchAction","target":{"@type":"EntryPoint","urlTemplate":"https:\/\/sistemaenkel.com.mx\/blog\/?s={search_term_string}"},"query-input":{"@type":"PropertyValueSpecification","valueRequired":true,"valueName":"search_term_string"}}],"inLanguage":"es"},{"@type":"Organization","@id":"https:\/\/sistemaenkel.com.mx\/blog\/#organization","name":"Sistema Enkel","url":"https:\/\/sistemaenkel.com.mx\/blog\/","logo":{"@type":"ImageObject","inLanguage":"es","@id":"https:\/\/sistemaenkel.com.mx\/blog\/#\/schema\/logo\/image\/","url":"https:\/\/sistemaenkel.com.mx\/blog\/wp-content\/uploads\/2022\/10\/Sistema_enkel_512x512.png","contentUrl":"https:\/\/sistemaenkel.com.mx\/blog\/wp-content\/uploads\/2022\/10\/Sistema_enkel_512x512.png","width":512,"height":512,"caption":"Sistema Enkel"},"image":{"@id":"https:\/\/sistemaenkel.com.mx\/blog\/#\/schema\/logo\/image\/"}}]}},"_links":{"self":[{"href":"https:\/\/sistemaenkel.com.mx\/blog\/wp-json\/wp\/v2\/pages\/3862","targetHints":{"allow":["GET"]}}],"collection":[{"href":"https:\/\/sistemaenkel.com.mx\/blog\/wp-json\/wp\/v2\/pages"}],"about":[{"href":"https:\/\/sistemaenkel.com.mx\/blog\/wp-json\/wp\/v2\/types\/page"}],"author":[{"embeddable":true,"href":"https:\/\/sistemaenkel.com.mx\/blog\/wp-json\/wp\/v2\/users\/1"}],"replies":[{"embeddable":true,"href":"https:\/\/sistemaenkel.com.mx\/blog\/wp-json\/wp\/v2\/comments?post=3862"}],"version-history":[{"count":1,"href":"https:\/\/sistemaenkel.com.mx\/blog\/wp-json\/wp\/v2\/pages\/3862\/revisions"}],"predecessor-version":[{"id":3863,"href":"https:\/\/sistemaenkel.com.mx\/blog\/wp-json\/wp\/v2\/pages\/3862\/revisions\/3863"}],"wp:attachment":[{"href":"https:\/\/sistemaenkel.com.mx\/blog\/wp-json\/wp\/v2\/media?parent=3862"}],"curies":[{"name":"wp","href":"https:\/\/api.w.org\/{rel}","templated":true}]}}